{"id":109,"date":"2021-08-09T06:12:48","date_gmt":"2021-08-09T06:12:48","guid":{"rendered":"https:\/\/pulse.eus\/?page_id=109"},"modified":"2022-10-14T16:25:48","modified_gmt":"2022-10-14T14:25:48","slug":"pulse","status":"publish","type":"page","link":"https:\/\/pulse.eus\/es\/","title":{"rendered":"Pulse by Neurotica &#038; Soinueder"},"content":{"rendered":"<p>[et_pb_section fb_built=\u00bb1&#8243; module_class=\u00bbsplash\u00bb _builder_version=\u00bb4.5.1&#8243; _module_preset=\u00bbdefault\u00bb use_background_color_gradient=\u00bbon\u00bb background_color_gradient_start=\u00bb#000000&#8243; background_color_gradient_end=\u00bb#ffffff\u00bb background_image=\u00bbhttps:\/\/pulse.eus\/wp-content\/uploads\/2021\/08\/fotograma-fondo.jpg\u00bb background_blend=\u00bbmultiply\u00bb background_video_mp4=\u00bbhttps:\/\/pulse.eus\/wp-content\/uploads\/2021\/08\/pulse.mp4&#8243; global_colors_info=\u00bb{}\u00bb][et_pb_row module_class=\u00bbnarrow\u00bb _builder_version=\u00bb4.14.7&#8243; _module_preset=\u00bbdefault\u00bb global_colors_info=\u00bb{}\u00bb][et_pb_column type=\u00bb4_4&#8243; _builder_version=\u00bb4.5.1&#8243; _module_preset=\u00bbdefault\u00bb global_colors_info=\u00bb{}\u00bb][et_pb_text admin_label=\u00bbVivencias en cada latido\u00bb _builder_version=\u00bb4.14.7&#8243; _module_preset=\u00bbdefault\u00bb max_width=\u00bb1440px\u00bb hover_enabled=\u00bb0&#8243; global_colors_info=\u00bb{}\u00bb text_font=\u00bbParisine||||||||\u00bb sticky_enabled=\u00bb0&#8243;]<\/p>\n<h1 style=\"text-align: center;\"><b>Vivencias en cada latido<br \/><\/b><\/h1>\n<div class=\"et_pb_module et_pb_text et_pb_text_1  et_pb_text_align_left et_pb_bg_layout_light\">\n<h3 style=\"text-align: center;\"><i>Desde un solo <strong>micr\u00f3fono<\/strong> al <strong>concierto<\/strong> que re\u00fane a 105.000 personas.<\/i><\/h3>\n<h3 style=\"text-align: center;\"><i><\/i><i><\/i><i>Vivencias a tu medida.<\/i><\/h3>\n<\/div>\n<p>[\/et_pb_text][\/et_pb_column][\/et_pb_row][\/et_pb_section][et_pb_section fb_built=\u00bb1&#8243; module_id=\u00bbservicios\u00bb _builder_version=\u00bb4.14.7&#8243; _module_preset=\u00bbdefault\u00bb background_color=\u00bb#1c1c1c\u00bb background_enable_image=\u00bboff\u00bb parallax=\u00bbon\u00bb global_colors_info=\u00bb{}\u00bb][et_pb_row module_class=\u00bbnarrow\u00bb _builder_version=\u00bb4.5.1&#8243; _module_preset=\u00bbdefault\u00bb global_colors_info=\u00bb{}\u00bb][et_pb_column type=\u00bb4_4&#8243; _builder_version=\u00bb4.5.1&#8243; _module_preset=\u00bbdefault\u00bb global_colors_info=\u00bb{}\u00bb][et_pb_text admin_label=\u00bbASESORAMIENTO T\u00c9CNICO Y ART\u00cdSTICO\u00bb _builder_version=\u00bb4.14.7&#8243; _module_preset=\u00bbdefault\u00bb header_font_size=\u00bb26px\u00bb header_2_font_size=\u00bb24px\u00bb global_colors_info=\u00bb{}\u00bb]<\/p>\n<h1 style=\"text-align: center;\"><b>ASESORAMIENTO T\u00c9CNICO Y ART\u00cdSTICO<\/b><\/h1>\n<p>[\/et_pb_text][et_pb_text admin_label=\u00bbNuestros servicios\u00bb _builder_version=\u00bb4.14.7&#8243; _module_preset=\u00bbdefault\u00bb background_color=\u00bbRGBA(255,255,255,0)\u00bb custom_padding=\u00bb20px|20px|20px|20px|false|false\u00bb global_colors_info=\u00bb{}\u00bb]<\/p>\n<p><i>Independientemente del tama\u00f1o del evento, dinos lo que necesitas y nosotros lo ponemos a tu disposici\u00f3n.<\/i><i> <\/i><\/p>\n<p>&nbsp;<\/p>\n<ul>\n<li><i>Servicio t\u00e9cnico en salas, auditorios y teatros.<\/i><\/li>\n<li><i>Sonido<\/i><\/li>\n<li><i>Iluminaci\u00f3n<\/i><\/li>\n<li><i>Estructuras de escenarios y rigging<\/i><\/li>\n<li><i>Medios audiovisuales:<\/i>\n<ul>\n<li><i>Videoproyecci\u00f3n<\/i><\/li>\n<li><i>Streaming<\/i><\/li>\n<\/ul>\n<\/li>\n<\/ul>\n<p>Nuestra experiencia no se limita a este tipo de espect\u00e1culos, tambi\u00e9n abordamos otro tipo de eventos como:<\/p>\n<p>&nbsp;<\/p>\n<ul>\n<li>Cenas de empresa<\/li>\n<li>Conferencias<\/li>\n<li>Conciertos de peque\u00f1o formato<\/li>\n<li>Presentaciones de productos o marcas<\/li>\n<li>Actos p\u00fablicos (charlas, entregas de premios\u2026)<\/li>\n<\/ul>\n<p>[\/et_pb_text][\/et_pb_column][\/et_pb_row][et_pb_row column_structure=\u00bb1_3,1_3,1_3&#8243; _builder_version=\u00bb4.14.7&#8243; _module_preset=\u00bbdefault\u00bb global_colors_info=\u00bb{}\u00bb][et_pb_column type=\u00bb1_3&#8243; _builder_version=\u00bb4.14.7&#8243; _module_preset=\u00bbdefault\u00bb global_colors_info=\u00bb{}\u00bb][et_pb_image src=\u00bbhttps:\/\/pulse.eus\/wp-content\/uploads\/2022\/06\/El-Drogas-0437.jpg\u00bb alt=\u00bbEl Drogas\u00bb title_text=\u00bbEl Drogas-0437&#8243; show_in_lightbox=\u00bbon\u00bb _builder_version=\u00bb4.14.7&#8243; _module_preset=\u00bbdefault\u00bb global_colors_info=\u00bb{}\u00bb][\/et_pb_image][\/et_pb_column][et_pb_column type=\u00bb1_3&#8243; _builder_version=\u00bb4.14.7&#8243; _module_preset=\u00bbdefault\u00bb global_colors_info=\u00bb{}\u00bb][et_pb_image src=\u00bbhttps:\/\/pulse.eus\/wp-content\/uploads\/2022\/07\/Doctor-Deseo-4859.jpg\u00bb title_text=\u00bbDoctor Deseo-4859&#8243; show_in_lightbox=\u00bbon\u00bb _builder_version=\u00bb4.14.7&#8243; _module_preset=\u00bbdefault\u00bb global_colors_info=\u00bb{}\u00bb][\/et_pb_image][\/et_pb_column][et_pb_column type=\u00bb1_3&#8243; _builder_version=\u00bb4.14.7&#8243; _module_preset=\u00bbdefault\u00bb global_colors_info=\u00bb{}\u00bb][et_pb_image src=\u00bbhttps:\/\/pulse.eus\/wp-content\/uploads\/2022\/07\/Parlors-Snakes-0989-1-scaled.jpg\u00bb title_text=\u00bbParlors Snakes-0989-1&#8243; show_in_lightbox=\u00bbon\u00bb _builder_version=\u00bb4.14.7&#8243; _module_preset=\u00bbdefault\u00bb global_colors_info=\u00bb{}\u00bb][\/et_pb_image][\/et_pb_column][\/et_pb_row][\/et_pb_section][et_pb_section fb_built=\u00bb1&#8243; module_id=\u00bbexperiencia-y-resultados\u00bb _builder_version=\u00bb4.14.7&#8243; _module_preset=\u00bbdefault\u00bb global_colors_info=\u00bb{}\u00bb][et_pb_row module_class=\u00bbnarrow\u00bb _builder_version=\u00bb4.5.1&#8243; _module_preset=\u00bbdefault\u00bb global_colors_info=\u00bb{}\u00bb][et_pb_column type=\u00bb4_4&#8243; _builder_version=\u00bb4.5.1&#8243; _module_preset=\u00bbdefault\u00bb global_colors_info=\u00bb{}\u00bb][et_pb_text admin_label=\u00bbEXPERIENCIA Y RESULTADOS\u00bb _builder_version=\u00bb4.14.7&#8243; _module_preset=\u00bbdefault\u00bb header_font_size=\u00bb26px\u00bb background_color=\u00bbRGBA(255,255,255,0)\u00bb custom_padding=\u00bb||||false|false\u00bb global_colors_info=\u00bb{}\u00bb]<\/p>\n<h1 style=\"text-align: center;\"><b><i>EXPERIENCIA Y RESULTADOS<\/i><\/b><\/h1>\n<p>[\/et_pb_text][et_pb_text admin_label=\u00bbPulse es la suma de Neurotika y Soinueder,\u00bb _builder_version=\u00bb4.14.7&#8243; _module_preset=\u00bbdefault\u00bb background_color=\u00bb#000000&#8243; custom_padding=\u00bb20px|20px|20px|20px|false|false\u00bb global_colors_info=\u00bb{}\u00bb]<\/p>\n<p>Pulse es la suma de <strong>Neurotika<\/strong> y <strong>Soinueder<\/strong>, dos firmas con m\u00e1s de 20 a\u00f1os de experiencia.<\/p>\n<p>La uni\u00f3n de ambos grupos de trabajo nos convierte en referente en la gesti\u00f3n de eventos y actuaciones en directo.<\/p>\n<p>[\/et_pb_text][\/et_pb_column][\/et_pb_row][et_pb_row column_structure=\u00bb1_2,1_2&#8243; admin_label=\u00bbFoto y video\u00bb _builder_version=\u00bb4.14.7&#8243; _module_preset=\u00bbdefault\u00bb global_colors_info=\u00bb{}\u00bb][et_pb_column type=\u00bb1_2&#8243; _builder_version=\u00bb4.14.7&#8243; _module_preset=\u00bbdefault\u00bb global_colors_info=\u00bb{}\u00bb][et_pb_image src=\u00bbhttps:\/\/pulse.eus\/wp-content\/uploads\/2021\/08\/el-equipo-video.jpg\u00bb title_text=\u00bbel-equipo-video\u00bb _builder_version=\u00bb4.14.7&#8243; _module_preset=\u00bbdefault\u00bb global_colors_info=\u00bb{}\u00bb][\/et_pb_image][\/et_pb_column][et_pb_column type=\u00bb1_2&#8243; _builder_version=\u00bb4.14.7&#8243; _module_preset=\u00bbdefault\u00bb global_colors_info=\u00bb{}\u00bb][et_pb_video src=\u00bbhttps:\/\/www.youtube.com\/watch?v=yD0h1_r3s2k\u00bb _builder_version=\u00bb4.14.7&#8243; _module_preset=\u00bbdefault\u00bb global_colors_info=\u00bb{}\u00bb][\/et_pb_video][\/et_pb_column][\/et_pb_row][\/et_pb_section][et_pb_section fb_built=\u00bb1&#8243; module_id=\u00bbinfraestructuras\u00bb _builder_version=\u00bb4.14.7&#8243; _module_preset=\u00bbdefault\u00bb background_color=\u00bb#1c1c1c\u00bb global_colors_info=\u00bb{}\u00bb][et_pb_row module_class=\u00bbnarrow\u00bb _builder_version=\u00bb4.14.7&#8243; _module_preset=\u00bbdefault\u00bb global_colors_info=\u00bb{}\u00bb][et_pb_column type=\u00bb4_4&#8243; _builder_version=\u00bb4.5.1&#8243; _module_preset=\u00bbdefault\u00bb global_colors_info=\u00bb{}\u00bb][et_pb_text admin_label=\u00bbINFRAESTRUCTURAS\u00bb _builder_version=\u00bb4.14.7&#8243; _module_preset=\u00bbdefault\u00bb header_font_size=\u00bb26px\u00bb header_2_font_size=\u00bb25px\u00bb global_colors_info=\u00bb{}\u00bb]<\/p>\n<h2 style=\"text-align: center;\"><b><i>INFRAESTRUCTURAS<\/i><\/b><\/h2>\n<p>[\/et_pb_text][et_pb_text admin_label=\u00bbequipos\u00bb _builder_version=\u00bb4.14.7&#8243; _module_preset=\u00bbdefault\u00bb global_colors_info=\u00bb{}\u00bb][\/et_pb_text][et_pb_image src=\u00bbhttps:\/\/pulse.eus\/wp-content\/uploads\/2022\/09\/pulse-infraestructuras-1.png\u00bb alt=\u00bbInfraestructuras pulse\u00bb title_text=\u00bbpulse-infraestructuras\u00bb show_in_lightbox=\u00bbon\u00bb _builder_version=\u00bb4.14.7&#8243; _module_preset=\u00bbdefault\u00bb global_colors_info=\u00bb{}\u00bb][\/et_pb_image][\/et_pb_column][\/et_pb_row][et_pb_row _builder_version=\u00bb4.5.1&#8243; _module_preset=\u00bbdefault\u00bb global_colors_info=\u00bb{}\u00bb][et_pb_column type=\u00bb4_4&#8243; _builder_version=\u00bb4.5.1&#8243; _module_preset=\u00bbdefault\u00bb global_colors_info=\u00bb{}\u00bb][\/et_pb_column][\/et_pb_row][\/et_pb_section][et_pb_section fb_built=\u00bb1&#8243; module_id=\u00bbproyectos-integrales\u00bb _builder_version=\u00bb4.14.7&#8243; _module_preset=\u00bbdefault\u00bb global_colors_info=\u00bb{}\u00bb][et_pb_row module_class=\u00bbnarrow\u00bb _builder_version=\u00bb4.5.1&#8243; _module_preset=\u00bbdefault\u00bb global_colors_info=\u00bb{}\u00bb][et_pb_column type=\u00bb4_4&#8243; _builder_version=\u00bb4.5.1&#8243; _module_preset=\u00bbdefault\u00bb global_colors_info=\u00bb{}\u00bb][et_pb_text admin_label=\u00bbPROYECTOS INTEGRALES\u00bb _builder_version=\u00bb4.14.7&#8243; _module_preset=\u00bbdefault\u00bb header_2_font_size=\u00bb25px\u00bb background_color=\u00bbRGBA(255,255,255,0)\u00bb custom_padding=\u00bb||||false|false\u00bb global_colors_info=\u00bb{}\u00bb]<\/p>\n<h2 style=\"text-align: center;\"><b><i>PROYECTOS INTEGRALES<\/i><\/b><\/h2>\n<p><i>Todo lo que est\u00e1s pensando lo hacemos realidad.<\/i><\/p>\n<p>[\/et_pb_text][et_pb_text admin_label=\u00bbProduccion tecnica\u00bb _builder_version=\u00bb4.14.7&#8243; _module_preset=\u00bbdefault\u00bb background_color=\u00bb#000000&#8243; custom_padding=\u00bb20px|20px|20px|20px|false|false\u00bb global_colors_info=\u00bb{}\u00bb]<\/p>\n<h3><i>Producci\u00f3n t\u00e9cnica<\/i><\/h3>\n<h4><i>Coordinaci\u00f3n de la actuaci\u00f3n<\/i><\/h4>\n<ul>\n<li><i>Recursos humanos<\/i><\/li>\n<li><i><\/i><i>T\u00e9cnicos de sonido e iluminaci\u00f3n<\/i><\/li>\n<li><i>Personal de acogida<\/i><\/li>\n<li><i><\/i><i>Medios t\u00e9cnicos y log\u00edsticos<\/i><\/li>\n<li><i><\/i><i>Escenario<\/i><\/li>\n<li><i><\/i><i>Sonido e iluminaci\u00f3n<\/i><\/li>\n<li><i>Presentador o speaker<\/i><\/li>\n<li><i><\/i><i>Producci\u00f3n audiovisual<\/i><\/li>\n<li><i><\/i><i>Ediciones de v\u00eddeo y audio<\/i><\/li>\n<\/ul>\n<p>[\/et_pb_text][\/et_pb_column][\/et_pb_row][\/et_pb_section][et_pb_section fb_built=\u00bb1&#8243; module_id=\u00bbcontacto\u00bb _builder_version=\u00bb4.14.7&#8243; _module_preset=\u00bbdefault\u00bb background_color=\u00bb#1c1c1c\u00bb custom_margin=\u00bb0px||||false|false\u00bb custom_padding=\u00bb0px||||false|false\u00bb global_colors_info=\u00bb{}\u00bb][et_pb_row module_class=\u00bbnarrow\u00bb _builder_version=\u00bb4.5.1&#8243; _module_preset=\u00bbdefault\u00bb global_colors_info=\u00bb{}\u00bb][et_pb_column type=\u00bb4_4&#8243; _builder_version=\u00bb4.5.1&#8243; _module_preset=\u00bbdefault\u00bb global_colors_info=\u00bb{}\u00bb][et_pb_text admin_label=\u00bb\u00bfQuieres m\u00e1s informaci\u00f3n o un presupuesto?\u00bb _builder_version=\u00bb4.5.1&#8243; _module_preset=\u00bbdefault\u00bb global_colors_info=\u00bb{}\u00bb]<\/p>\n<h4>\u00bfQuieres m\u00e1s informaci\u00f3n o un presupuesto?<\/h4>\n<p>[\/et_pb_text][et_pb_text admin_label=\u00bbCont\u00e1ctanos\u00bb module_class=\u00bbformulario\u00bb _builder_version=\u00bb4.14.7&#8243; _module_preset=\u00bbdefault\u00bb header_2_font_size=\u00bb25px\u00bb global_colors_info=\u00bb{}\u00bb]<\/p>\n<h2>Cont\u00e1ctanos<\/h2>\n\n<div class=\"wpcf7 no-js\" id=\"wpcf7-f285-o1\" lang=\"eu-ES\" dir=\"ltr\" data-wpcf7-id=\"285\">\n<div class=\"screen-reader-response\"><p role=\"status\" aria-live=\"polite\" aria-atomic=\"true\"><\/p> <ul><\/ul><\/div>\n<form action=\"\/es\/wp-json\/wp\/v2\/pages\/109#wpcf7-f285-o1\" method=\"post\" class=\"wpcf7-form init\" aria-label=\"Formulario de contacto\" novalidate=\"novalidate\" data-status=\"init\">\n<fieldset class=\"hidden-fields-container\"><input type=\"hidden\" name=\"_wpcf7\" value=\"285\" \/><input type=\"hidden\" name=\"_wpcf7_version\" value=\"6.1\" \/><input type=\"hidden\" name=\"_wpcf7_locale\" value=\"eu_ES\" \/><input type=\"hidden\" name=\"_wpcf7_unit_tag\" value=\"wpcf7-f285-o1\" \/><input type=\"hidden\" name=\"_wpcf7_container_post\" value=\"0\" \/><input type=\"hidden\" name=\"_wpcf7_posted_data_hash\" value=\"\" \/>\n<\/fieldset>\n<p class=\"left\"><label>Nombre<\/label><span class=\"wpcf7-form-control-wrap\" data-name=\"your-name\"><input size=\"40\" maxlength=\"400\" class=\"wpcf7-form-control wpcf7-text wpcf7-validates-as-required\" aria-required=\"true\" aria-invalid=\"false\" value=\"\" type=\"text\" name=\"your-name\" \/><\/span>\n<\/p>\n<p class=\"right\"><label>Email<\/label><span class=\"wpcf7-form-control-wrap\" data-name=\"your-email\"><input size=\"40\" maxlength=\"400\" class=\"wpcf7-form-control wpcf7-email wpcf7-validates-as-required wpcf7-text wpcf7-validates-as-email\" aria-required=\"true\" aria-invalid=\"false\" value=\"\" type=\"email\" name=\"your-email\" \/><\/span>\n<\/p>\n<p><label>Mensaje<\/label><span class=\"wpcf7-form-control-wrap\" data-name=\"mensaje\"><textarea cols=\"40\" rows=\"10\" maxlength=\"2000\" class=\"wpcf7-form-control wpcf7-textarea\" aria-invalid=\"false\" name=\"mensaje\"><\/textarea><\/span>\n<\/p>\n<p class=\"full\"><span class=\"wpcf7-form-control-wrap\" data-name=\"consent\"><span class=\"wpcf7-form-control wpcf7-acceptance\"><span class=\"wpcf7-list-item\"><input type=\"checkbox\" name=\"consent\" value=\"1\" aria-invalid=\"false\" \/><\/span><\/span><\/span> Acepto la pol\u00edtica de privacidad\n<\/p>\n<div class=\"wpcf7-response-output\" aria-hidden=\"true\"><\/div>\n<p><input class=\"wpcf7-form-control wpcf7-submit has-spinner\" type=\"submit\" value=\"Enviar consulta\" \/>\n<\/p>\n<\/form>\n<\/div>\n\n<p>[\/et_pb_text][\/et_pb_column][\/et_pb_row][\/et_pb_section]<\/p>\n","protected":false},"excerpt":{"rendered":"<p>Vivencias en cada latido Desde un solo micr\u00f3fono al concierto que re\u00fane a 105.000 personas. Vivencias a tu medida. ASESORAMIENTO T\u00c9CNICO Y ART\u00cdSTICOIndependientemente del tama\u00f1o del evento, dinos lo que necesitas y nosotros lo ponemos a tu disposici\u00f3n. &nbsp; Servicio t\u00e9cnico en salas, auditorios y teatros. Sonido Iluminaci\u00f3n Estructuras de escenarios y rigging Medios audiovisuales: [&hellip;]<\/p>\n","protected":false},"author":1,"featured_media":121,"parent":0,"menu_order":0,"comment_status":"closed","ping_status":"closed","template":"","meta":{"_et_pb_use_builder":"on","_et_pb_old_content":"","_et_gb_content_width":"","inline_featured_image":false,"footnotes":""},"class_list":["post-109","page","type-page","status-publish","has-post-thumbnail","hentry"],"yoast_head":"<!-- This site is optimized with the Yoast SEO plugin v25.6 - https:\/\/yoast.com\/wordpress\/plugins\/seo\/ -->\n<title>PULSE by Neurotika &amp; Soinueder - Expertos en sonido e iluminaci\u00f3n<\/title>\n<meta name=\"description\" content=\"Pulse (Neurotika &amp; Soinueder) Somos un referente en la gesti\u00f3n de eventos y actuaciones en directo, mas de 20 a\u00f1os de experiencia. Sonido\/Iluninaci\u00f3n\" \/>\n<meta name=\"robots\" content=\"index, follow, max-snippet:-1, max-image-preview:large, max-video-preview:-1\" \/>\n<link rel=\"canonical\" href=\"https:\/\/pulse.eus\/es\/\" \/>\n<meta property=\"og:locale\" content=\"es_ES\" \/>\n<meta property=\"og:type\" content=\"article\" \/>\n<meta property=\"og:title\" content=\"PULSE by Neurotika &amp; Soinueder - Expertos en sonido e iluminaci\u00f3n\" \/>\n<meta property=\"og:description\" content=\"Pulse (Neurotika &amp; Soinueder) Somos un referente en la gesti\u00f3n de eventos y actuaciones en directo, mas de 20 a\u00f1os de experiencia. Sonido\/Iluninaci\u00f3n\" \/>\n<meta property=\"og:url\" content=\"https:\/\/pulse.eus\/es\/\" \/>\n<meta property=\"og:site_name\" content=\"PULSE by Neurotika &amp; Soinueder\" \/>\n<meta property=\"article:publisher\" content=\"https:\/\/www.facebook.com\/Pulse-by-NeurotikaSoinueder-103633415209393\/\" \/>\n<meta property=\"article:modified_time\" content=\"2022-10-14T14:25:48+00:00\" \/>\n<meta property=\"og:image\" content=\"https:\/\/pulse.eus\/wp-content\/uploads\/2021\/08\/el-equipo-video.jpg\" \/>\n\t<meta property=\"og:image:width\" content=\"1440\" \/>\n\t<meta property=\"og:image:height\" content=\"810\" \/>\n\t<meta property=\"og:image:type\" content=\"image\/jpeg\" \/>\n<meta name=\"twitter:card\" content=\"summary_large_image\" \/>\n<meta name=\"twitter:label1\" content=\"Tiempo de lectura\" \/>\n\t<meta name=\"twitter:data1\" content=\"6 minutos\" \/>\n<script type=\"application\/ld+json\" class=\"yoast-schema-graph\">{\"@context\":\"https:\/\/schema.org\",\"@graph\":[{\"@type\":\"WebPage\",\"@id\":\"https:\/\/pulse.eus\/es\/\",\"url\":\"https:\/\/pulse.eus\/es\/\",\"name\":\"PULSE by Neurotika &amp; Soinueder - Expertos en sonido e iluminaci\u00f3n\",\"isPartOf\":{\"@id\":\"https:\/\/pulse.eus\/es\/#website\"},\"primaryImageOfPage\":{\"@id\":\"https:\/\/pulse.eus\/es\/#primaryimage\"},\"image\":{\"@id\":\"https:\/\/pulse.eus\/es\/#primaryimage\"},\"thumbnailUrl\":\"https:\/\/pulse.eus\/wp-content\/uploads\/2021\/08\/el-equipo-video.jpg\",\"datePublished\":\"2021-08-09T06:12:48+00:00\",\"dateModified\":\"2022-10-14T14:25:48+00:00\",\"description\":\"Pulse (Neurotika & Soinueder) Somos un referente en la gesti\u00f3n de eventos y actuaciones en directo, mas de 20 a\u00f1os de experiencia. Sonido\/Iluninaci\u00f3n\",\"breadcrumb\":{\"@id\":\"https:\/\/pulse.eus\/es\/#breadcrumb\"},\"inLanguage\":\"es\",\"potentialAction\":[{\"@type\":\"ReadAction\",\"target\":[\"https:\/\/pulse.eus\/es\/\"]}]},{\"@type\":\"ImageObject\",\"inLanguage\":\"es\",\"@id\":\"https:\/\/pulse.eus\/es\/#primaryimage\",\"url\":\"https:\/\/pulse.eus\/wp-content\/uploads\/2021\/08\/el-equipo-video.jpg\",\"contentUrl\":\"https:\/\/pulse.eus\/wp-content\/uploads\/2021\/08\/el-equipo-video.jpg\",\"width\":1440,\"height\":810},{\"@type\":\"BreadcrumbList\",\"@id\":\"https:\/\/pulse.eus\/es\/#breadcrumb\",\"itemListElement\":[{\"@type\":\"ListItem\",\"position\":1,\"name\":\"Home\",\"item\":\"https:\/\/pulse.eus\/es\/\"},{\"@type\":\"ListItem\",\"position\":2,\"name\":\"Pulse by Neurotica &#038; Soinueder\"}]},{\"@type\":\"WebSite\",\"@id\":\"https:\/\/pulse.eus\/es\/#website\",\"url\":\"https:\/\/pulse.eus\/es\/\",\"name\":\"PULSE by Neurotika &amp; Soinueder\",\"description\":\"Expertos en sonido e iluminaci\u00f3n\",\"publisher\":{\"@id\":\"https:\/\/pulse.eus\/es\/#organization\"},\"potentialAction\":[{\"@type\":\"SearchAction\",\"target\":{\"@type\":\"EntryPoint\",\"urlTemplate\":\"https:\/\/pulse.eus\/es\/?s={search_term_string}\"},\"query-input\":{\"@type\":\"PropertyValueSpecification\",\"valueRequired\":true,\"valueName\":\"search_term_string\"}}],\"inLanguage\":\"es\"},{\"@type\":\"Organization\",\"@id\":\"https:\/\/pulse.eus\/es\/#organization\",\"name\":\"PULSE by Neurotika & Soinueder\",\"url\":\"https:\/\/pulse.eus\/es\/\",\"logo\":{\"@type\":\"ImageObject\",\"inLanguage\":\"es\",\"@id\":\"https:\/\/pulse.eus\/es\/#\/schema\/logo\/image\/\",\"url\":\"https:\/\/pulse.eus\/wp-content\/uploads\/2021\/06\/pulse.svg\",\"contentUrl\":\"https:\/\/pulse.eus\/wp-content\/uploads\/2021\/06\/pulse.svg\",\"width\":412,\"height\":104,\"caption\":\"PULSE by Neurotika & Soinueder\"},\"image\":{\"@id\":\"https:\/\/pulse.eus\/es\/#\/schema\/logo\/image\/\"},\"sameAs\":[\"https:\/\/www.facebook.com\/Pulse-by-NeurotikaSoinueder-103633415209393\/\",\"https:\/\/www.instagram.com\/pulse.eus\/\"]}]}<\/script>\n<!-- \/ Yoast SEO plugin. -->","yoast_head_json":{"title":"PULSE by Neurotika &amp; Soinueder - Expertos en sonido e iluminaci\u00f3n","description":"Pulse (Neurotika & Soinueder) Somos un referente en la gesti\u00f3n de eventos y actuaciones en directo, mas de 20 a\u00f1os de experiencia. Sonido\/Iluninaci\u00f3n","robots":{"index":"index","follow":"follow","max-snippet":"max-snippet:-1","max-image-preview":"max-image-preview:large","max-video-preview":"max-video-preview:-1"},"canonical":"https:\/\/pulse.eus\/es\/","og_locale":"es_ES","og_type":"article","og_title":"PULSE by Neurotika &amp; Soinueder - Expertos en sonido e iluminaci\u00f3n","og_description":"Pulse (Neurotika & Soinueder) Somos un referente en la gesti\u00f3n de eventos y actuaciones en directo, mas de 20 a\u00f1os de experiencia. Sonido\/Iluninaci\u00f3n","og_url":"https:\/\/pulse.eus\/es\/","og_site_name":"PULSE by Neurotika &amp; Soinueder","article_publisher":"https:\/\/www.facebook.com\/Pulse-by-NeurotikaSoinueder-103633415209393\/","article_modified_time":"2022-10-14T14:25:48+00:00","og_image":[{"width":1440,"height":810,"url":"https:\/\/pulse.eus\/wp-content\/uploads\/2021\/08\/el-equipo-video.jpg","type":"image\/jpeg"}],"twitter_card":"summary_large_image","twitter_misc":{"Tiempo de lectura":"6 minutos"},"schema":{"@context":"https:\/\/schema.org","@graph":[{"@type":"WebPage","@id":"https:\/\/pulse.eus\/es\/","url":"https:\/\/pulse.eus\/es\/","name":"PULSE by Neurotika &amp; Soinueder - Expertos en sonido e iluminaci\u00f3n","isPartOf":{"@id":"https:\/\/pulse.eus\/es\/#website"},"primaryImageOfPage":{"@id":"https:\/\/pulse.eus\/es\/#primaryimage"},"image":{"@id":"https:\/\/pulse.eus\/es\/#primaryimage"},"thumbnailUrl":"https:\/\/pulse.eus\/wp-content\/uploads\/2021\/08\/el-equipo-video.jpg","datePublished":"2021-08-09T06:12:48+00:00","dateModified":"2022-10-14T14:25:48+00:00","description":"Pulse (Neurotika & Soinueder) Somos un referente en la gesti\u00f3n de eventos y actuaciones en directo, mas de 20 a\u00f1os de experiencia. Sonido\/Iluninaci\u00f3n","breadcrumb":{"@id":"https:\/\/pulse.eus\/es\/#breadcrumb"},"inLanguage":"es","potentialAction":[{"@type":"ReadAction","target":["https:\/\/pulse.eus\/es\/"]}]},{"@type":"ImageObject","inLanguage":"es","@id":"https:\/\/pulse.eus\/es\/#primaryimage","url":"https:\/\/pulse.eus\/wp-content\/uploads\/2021\/08\/el-equipo-video.jpg","contentUrl":"https:\/\/pulse.eus\/wp-content\/uploads\/2021\/08\/el-equipo-video.jpg","width":1440,"height":810},{"@type":"BreadcrumbList","@id":"https:\/\/pulse.eus\/es\/#breadcrumb","itemListElement":[{"@type":"ListItem","position":1,"name":"Home","item":"https:\/\/pulse.eus\/es\/"},{"@type":"ListItem","position":2,"name":"Pulse by Neurotica &#038; Soinueder"}]},{"@type":"WebSite","@id":"https:\/\/pulse.eus\/es\/#website","url":"https:\/\/pulse.eus\/es\/","name":"PULSE by Neurotika &amp; Soinueder","description":"Expertos en sonido e iluminaci\u00f3n","publisher":{"@id":"https:\/\/pulse.eus\/es\/#organization"},"potentialAction":[{"@type":"SearchAction","target":{"@type":"EntryPoint","urlTemplate":"https:\/\/pulse.eus\/es\/?s={search_term_string}"},"query-input":{"@type":"PropertyValueSpecification","valueRequired":true,"valueName":"search_term_string"}}],"inLanguage":"es"},{"@type":"Organization","@id":"https:\/\/pulse.eus\/es\/#organization","name":"PULSE by Neurotika & Soinueder","url":"https:\/\/pulse.eus\/es\/","logo":{"@type":"ImageObject","inLanguage":"es","@id":"https:\/\/pulse.eus\/es\/#\/schema\/logo\/image\/","url":"https:\/\/pulse.eus\/wp-content\/uploads\/2021\/06\/pulse.svg","contentUrl":"https:\/\/pulse.eus\/wp-content\/uploads\/2021\/06\/pulse.svg","width":412,"height":104,"caption":"PULSE by Neurotika & Soinueder"},"image":{"@id":"https:\/\/pulse.eus\/es\/#\/schema\/logo\/image\/"},"sameAs":["https:\/\/www.facebook.com\/Pulse-by-NeurotikaSoinueder-103633415209393\/","https:\/\/www.instagram.com\/pulse.eus\/"]}]}},"_links":{"self":[{"href":"https:\/\/pulse.eus\/es\/wp-json\/wp\/v2\/pages\/109","targetHints":{"allow":["GET"]}}],"collection":[{"href":"https:\/\/pulse.eus\/es\/wp-json\/wp\/v2\/pages"}],"about":[{"href":"https:\/\/pulse.eus\/es\/wp-json\/wp\/v2\/types\/page"}],"author":[{"embeddable":true,"href":"https:\/\/pulse.eus\/es\/wp-json\/wp\/v2\/users\/1"}],"replies":[{"embeddable":true,"href":"https:\/\/pulse.eus\/es\/wp-json\/wp\/v2\/comments?post=109"}],"version-history":[{"count":154,"href":"https:\/\/pulse.eus\/es\/wp-json\/wp\/v2\/pages\/109\/revisions"}],"predecessor-version":[{"id":707,"href":"https:\/\/pulse.eus\/es\/wp-json\/wp\/v2\/pages\/109\/revisions\/707"}],"wp:featuredmedia":[{"embeddable":true,"href":"https:\/\/pulse.eus\/es\/wp-json\/wp\/v2\/media\/121"}],"wp:attachment":[{"href":"https:\/\/pulse.eus\/es\/wp-json\/wp\/v2\/media?parent=109"}],"curies":[{"name":"wp","href":"https:\/\/api.w.org\/{rel}","templated":true}]}}