{"id":295,"date":"2021-08-10T04:58:01","date_gmt":"2021-08-10T02:58:01","guid":{"rendered":"https:\/\/pulse.eus\/?page_id=295"},"modified":"2022-06-30T10:16:31","modified_gmt":"2022-06-30T08:16:31","slug":"aviso-legal","status":"publish","type":"page","link":"https:\/\/pulse.eus\/es\/aviso-legal\/","title":{"rendered":"Aviso Legal"},"content":{"rendered":"<p>[et_pb_section fb_built=\u00bb1&#8243; _builder_version=\u00bb4.5.1&#8243; _module_preset=\u00bbdefault\u00bb global_colors_info=\u00bb{}\u00bb][et_pb_row _builder_version=\u00bb4.5.1&#8243; _module_preset=\u00bbdefault\u00bb global_colors_info=\u00bb{}\u00bb][et_pb_column type=\u00bb4_4&#8243; _builder_version=\u00bb4.5.1&#8243; _module_preset=\u00bbdefault\u00bb global_colors_info=\u00bb{}\u00bb][et_pb_text module_class=\u00bblegal\u00bb _builder_version=\u00bb4.14.7&#8243; _module_preset=\u00bbdefault\u00bb hover_enabled=\u00bb0&#8243; global_colors_info=\u00bb{}\u00bb sticky_enabled=\u00bb0&#8243;]<\/p>\n<h1>Aviso legal<\/h1>\n<h2>1. Identidad del titular de la presente web<\/h2>\n<p>En cumplimiento de la Ley 34\/2002, de 11 de julio, de Servicios de la Sociedad de la Informaci\u00f3n y de Comercio Electr\u00f3nico, le informamos que el titular de\u00a0<a href=\"https:\/\/pulse.eus\/\" target=\"_blank\" rel=\"noopener noreferrer\">pulse.eus<\/a>\u00a0es:<\/p>\n<ul>\n<li><strong>Raz\u00f3n social<\/strong>: PULSE by Neurotika &amp; Soinueder<\/li>\n<li><strong>C.I.F<\/strong>. n\u00ba: B05366729<\/li>\n<li><strong>Direcci\u00f3n<\/strong>: Avenida Ama Kandida N\u00ba21, Poligono Denak &#8211; Pab. 206. &#8211; 20140 Andoain &#8211; Gipuzkoa<\/li>\n<li><strong>Tel\u00e9fono<\/strong>: 943 305 504<\/li>\n<li><strong>Correo electr\u00f3nico<\/strong>:\u00a0<a href=\"mailto:pulse@pulse.eus\">pulse@pulse.eus<\/a><\/li>\n<\/ul>\n<h2>2. Condiciones generales de uso de este sitio web<\/h2>\n<p>El acceso a esta p\u00e1gina web le atribuye la condici\u00f3n de \u201cUsuario\u201d, implicando su aceptaci\u00f3n expresa y sin reservas de las condiciones generales que est\u00e9n publicadas en\u00a0<a href=\"https:\/\/pulse.eus\/\" target=\"_blank\" rel=\"noopener noreferrer\">pulse.eus<\/a>, en el momento en que acceda a la web. Por lo tanto, el Usuario deber\u00e1 leer las presentes condiciones generales de uso, en cada una de las ocasiones en que se proponga acceder y en su caso utilizar los servicios prestados a trav\u00e9s de esta web, ya que \u00e9stas pueden sufrir modificaciones.<\/p>\n<p>En este sentido, se entender\u00e1 por \u201cUsuario\u201d a la persona que acceda, navegue, utilice o participe en los servicios y actividades, gratuitas u onerosas, desarrolladas en\u00a0<a href=\"https:\/\/pulse.eus\/\" target=\"_blank\" rel=\"noopener noreferrer\">pulse.eus<\/a>.<\/p>\n<h3>2.1. Objeto y \u00e1mbito de aplicaci\u00f3n<\/h3>\n<p>Las presentes condiciones generales de uso, regulan el acceso, navegaci\u00f3n y uso de\u00a0<a href=\"https:\/\/pulse.eus\/\" target=\"_blank\" rel=\"noopener noreferrer\">pulse.eus<\/a>\u00a0as\u00ed como las responsabilidades derivadas de la utilizaci\u00f3n de sus contenidos tales como los textos, gr\u00e1ficos, dibujos, dise\u00f1os, c\u00f3digos, software, fotograf\u00edas, m\u00fasica, v\u00eddeos, sonidos, bases de datos, im\u00e1genes, expresiones e informaciones, as\u00ed como cualquier otra creaci\u00f3n protegida por las leyes nacionales y los tratados internacionales sobre propiedad intelectual e industrial.<\/p>\n<p>PULSE by Neurotika &amp; Soinueder podr\u00e1 establecer condiciones particulares que ser\u00e1n de aplicaci\u00f3n para el uso y\/o contrataci\u00f3n de servicios espec\u00edficos siendo las presentes condiciones generales de aplicaci\u00f3n supletoria.<\/p>\n<h3>2.2. Condiciones acceso y utilizaci\u00f3n de los servicios<\/h3>\n<ol>\n<li>El acceso a\u00a0<a href=\"https:\/\/pulse.eus\/\" target=\"_blank\" rel=\"noopener noreferrer\">pulse.eus<\/a>\u00a0en principio tiene car\u00e1cter libre y gratuito. No obstante, algunos de los servicios y contenidos, pueden encontrarse sujetos a la contrataci\u00f3n previa del servicio o producto, siendo de aplicaci\u00f3n en esos casos, las condiciones particulares creadas al efecto que PULSE by Neurotika &amp; Soinueder pondr\u00e1 a su disposici\u00f3n previamente a la contrataci\u00f3n.<\/li>\n<li>Los menores de que pretendan hacer uso de los servicios contenidos en este sitio web deber\u00e1n contar con el consentimiento previo de sus padres, tutores o representantes legales, siendo \u00e9stos los \u00fanicos responsables de los actos realizados por los menores a su cargo.<\/li>\n<li>En todo momento, el Usuario debe realizar un uso l\u00edcito de los servicios de la presente web, de acuerdo con las presentes condiciones generales, la legalidad vigente, la moral y el orden p\u00fablico as\u00ed como las pr\u00e1cticas generalmente aceptadas en Internet.<\/li>\n<li>El Usuario garantiza que toda la informaci\u00f3n aportada a trav\u00e9s de los formularios de suscripci\u00f3n incluidos en esta web es l\u00edcita, real, exacta, veraz y actualizada. Ser\u00e1 exclusiva responsabilidad del Usuario la comunicaci\u00f3n inmediata a PULSE by Neurotika &amp; Soinueder de cualquier modificaci\u00f3n que pueda darse en la informaci\u00f3n suministrada.<\/li>\n<li>El Usuario se abstendr\u00e1 de: introducir virus, programas, macros o cualquier secuencia de caracteres con la finalidad de da\u00f1ar o alterar los sistemas inform\u00e1ticos de esta web; obstaculizar el acceso de otros usuarios mediante el consumo masivo de recursos; captar datos incluidos en esta web con finalidad publicitaria; reproducir, copiar, distribuir, transformar o poner a disposici\u00f3n de terceros los contenidos incluidos en esta web; realizar acciones a trav\u00e9s de los servicios incluidos es esta web que puedan lesionar la propiedad intelectual, secretos industriales, compromisos contractuales, derechos al honor, a la imagen y la intimidad personal de terceros; realizar acciones de competencia desleal y publicidad il\u00edcita.<\/li>\n<li>Si para la utilizaci\u00f3n y\/o contrataci\u00f3n de un servicio en\u00a0<a href=\"https:\/\/pulse.eus\/\" target=\"_blank\" rel=\"noopener noreferrer\">pulse.eus<\/a>, el Usuario debiera proceder a su registro, \u00e9ste ser\u00e1 responsable de aportar informaci\u00f3n veraz y l\u00edcita. Si como consecuencia del registro, se dotara al Usuario de una contrase\u00f1a, \u00e9ste se compromete a hacer un uso diligente y a mantener en secreto la contrase\u00f1a para acceder a estos servicios. En consecuencia, los Usuarios son responsables de la adecuada custodia y confidencialidad de cualesquiera identificadores y\/o contrase\u00f1as que le sean suministradas y se comprometen a no ceder su uso a terceros, ya sea temporal o permanente, ni a permitir su acceso a personas ajenas. Ser\u00e1 responsabilidad del Usuario la utilizaci\u00f3n il\u00edcita de los servicios por cualquier tercero ileg\u00edtimo que emplee a tal efecto una contrase\u00f1a a causa de una utilizaci\u00f3n no diligente o de la p\u00e9rdida de la misma por el Usuario. En supuestos de robo, extrav\u00edo o acceso no autorizado a sus contrase\u00f1as, el Usuario ser\u00e1 el responsable de su notificaci\u00f3n inmediata a PULSE by Neurotika &amp; Soinueder con el fin de proceder a su cancelaci\u00f3n. PULSE by Neurotika &amp; Soinueder en ning\u00fan caso ser\u00e1 responsable de las acciones realizadas por terceros no autorizados mientras no se produzca la notificaci\u00f3n mencionada por parte de Usuario.<\/li>\n<\/ol>\n<h2>3. Derechos de propiedad intelectual e industrial<\/h2>\n<p>PULSE by Neurotika &amp; Soinueder es titular de los derechos de propiedad intelectual e industrial de todos los elementos que integran\u00a0<a href=\"https:\/\/pulse.eus\/\" target=\"_blank\" rel=\"noopener noreferrer\">pulse.eus<\/a>, incluyendo la marca, nombre comercial o signo distintivo. En particular y a t\u00edtulo no limitativo, est\u00e1n protegidos por los derechos de autor, el dise\u00f1o gr\u00e1fico, c\u00f3digo fuente, logos, textos, gr\u00e1ficos, ilustraciones, fotograf\u00edas, sonidos y dem\u00e1s elementos contenidos en sitio web.<\/p>\n<p>En ning\u00fan caso el acceso o navegaci\u00f3n en\u00a0<a href=\"https:\/\/pulse.eus\/\" target=\"_blank\" rel=\"noopener noreferrer\">pulse.eus<\/a>, implica renuncia, transmisi\u00f3n o licencia total o parcial de PULSE by Neurotika &amp; Soinueder para uso personal al Usuario sobre sus derechos de propiedad intelectual e industrial.<\/p>\n<p>Por ello, el Usuario reconoce que la reproducci\u00f3n, copiado, distribuci\u00f3n, comercializaci\u00f3n, transformaci\u00f3n, reutilizaci\u00f3n, comunicaci\u00f3n p\u00fablica y en general, cualquier otra forma de explotaci\u00f3n, por cualquier procedimiento, de todo o parte de los contenidos de\u00a0<a href=\"https:\/\/pulse.eus\/\" target=\"_blank\" rel=\"noopener noreferrer\">pulse.eus<\/a>, sin autorizaci\u00f3n expresa y por escrito de PULSE by Neurotika &amp; Soinueder , constituye una infracci\u00f3n de sus derechos de propiedad intelectual y\/o industrial.<\/p>\n<p>Toda la informaci\u00f3n que no tenga la consideraci\u00f3n de dato personal transmitida voluntariamente a\u00a0<a href=\"https:\/\/pulse.eus\/\" target=\"_blank\" rel=\"noopener noreferrer\">pulse.eus<\/a>\u00a0a trav\u00e9s de Internet (incluyendo cualquier observaci\u00f3n, sugerencia, idea, gr\u00e1ficos, etc.) pasar\u00e1 a ser propiedad exclusiva de PULSE by Neurotika &amp; Soinueder que ostentar\u00e1 los derechos ilimitados de uso, sin devengar por ello ninguna compensaci\u00f3n a su favor, ni a favor de ninguna otra persona.<\/p>\n<h2>4. Pol\u00edtica de privacidad<\/h2>\n<p>En cumplimiento de la Ley Org\u00e1nica 15\/1999, de 13 de diciembre, de Protecci\u00f3n de Datos de Car\u00e1cter Personal (LOPD), le informamos que los datos personales que nos suministre a trav\u00e9s de la p\u00e1gina web\u00a0<a href=\"https:\/\/pulse.eus\" target=\"_blank\" rel=\"noopener noreferrer\">pulse.eus<\/a>, ser\u00e1n tratados de forma confidencial y pasar\u00e1n a formar parte de un fichero automatizado titularidad de PULSE by Neurotika &amp; Soinueder , con direcci\u00f3n en Bidasoa, 11. 20280 Hondarribia y que ha sido debidamente inscrito en la Agencia Espa\u00f1ola de Protecci\u00f3n de Datos (<a href=\"http:\/\/www.agpd.es\/\" target=\"_blank\" rel=\"noopener noreferrer\">www.agpd.es<\/a>).<\/p>\n<p>Sus datos personales ser\u00e1n utilizados con la finalidad que se indique en las p\u00e1ginas donde se encuentre el formulario electr\u00f3nico de recogida de datos personales. Asimismo, podr\u00e1n ser conservados indefinidamente para contestar a su solicitud y para el env\u00edo (por canales ordinarios o electr\u00f3nicos) de informaci\u00f3n relacionada con nuestra actividad que pueda resultar de su inter\u00e9s, hasta que nos indique su manifestaci\u00f3n expresa contrario.<\/p>\n<p>Asimismo le informamos que puede ejercitar sus derechos de acceso, rectificaci\u00f3n, cancelaci\u00f3n y oposici\u00f3n con arreglo a lo previsto en la LOPD, enviando una carta certificada o forma equivalente que permita acreditar su recepci\u00f3n, junto con la fotocopia de su D.N.I., a la siguiente direcci\u00f3n: Bidasoa, 11. 20280 Hondarribia. La no cumplimentaci\u00f3n de los campos, indicados como obligatorios, que aparecen en cualquier formulario de registro electr\u00f3nico, podr\u00e1 tener como consecuencia que PULSE by Neurotika &amp; Soinueder no pueda atender a su solicitud.<\/p>\n<p>El Usuario garantiza que los Datos Personales facilitados a PULSE by Neurotika &amp; Soinueder son veraces y se hace responsable de comunicar cualquier modificaci\u00f3n en los mismos. El Usuario ser\u00e1 el \u00fanico responsable de cualquier da\u00f1o o perjuicio, directo o indirecto, que pudiera ocasionar a PULSE by Neurotika &amp; Soinueder o a cualquier tercero a causa de la cumplimentaci\u00f3n de los formularios con datos falsos, inexactos, incompletos o no actualizados. El Usuario no deber\u00e1 incluir datos personales de terceros sin su consentimiento informado previo de lo establecido en la presente pol\u00edtica de privacidad, siendo el \u00fanico responsable de su introducci\u00f3n.<\/p>\n<p>Ciertos servicios prestados por PULSE by Neurotika &amp; Soinueder , pueden contener condiciones particulares con previsiones espec\u00edficas en materia de protecci\u00f3n de datos personales, siendo por tanto de aplicaci\u00f3n las condiciones particulares de cada caso. En todo lo no regulado por las condiciones particulares ser\u00e1 de aplicaci\u00f3n supletoria las condiciones generales recogidas en la presente pol\u00edtica de privacidad. Se advierte a los ni\u00f1os y j\u00f3venes menores de 18 a\u00f1os que han de tener el permiso de sus padres o tutores para proporcionar datos personales en el sitio web de PULSE by Neurotika &amp; Soinueder .<\/p>\n<p>PULSE by Neurotika &amp; Soinueder ha adoptado las medidas necesarias para evitar la alteraci\u00f3n, p\u00e9rdida, tratamiento o acceso no autorizado de los datos personales, habida cuenta en todo momento del estado de la tecnolog\u00eda, la naturaleza de los datos almacenados y los riesgos a que est\u00e1n expuestos, ya provengan de la acci\u00f3n humana o del medio f\u00edsico o natural, no obstante, el Usuario debe ser consciente de que las medidas de seguridad en Internet no son inexpugnables.<\/p>\n<h2>5. R\u00e9gimen de responsabilidades y garant\u00edas<\/h2>\n<ol>\n<li>PULSE by Neurotika &amp; Soinueder no garantiza la fiabilidad, utilidad, veracidad o exactitud de los servicios o de la informaci\u00f3n incluida en\u00a0<a href=\"https:\/\/pulse.eus\/\" target=\"_blank\" rel=\"noopener noreferrer\">pulse.eus<\/a>, por tanto excluye cualquier responsabilidad directa o indirecta por da\u00f1os y perjuicios de toda naturaleza, derivada de la defraudaci\u00f3n de utilidad o expectativas que el Usuario haya depositado en la misma.<\/li>\n<li>PULSE by Neurotika &amp; Soinueder declara que ha adoptado las medidas tanto t\u00e9cnicas como organizativas, que dentro de sus posibilidades y el estado de la tecnolog\u00eda, permitan el correcto funcionamiento de la web as\u00ed como la ausencia de virus y componentes da\u00f1inos, sin embargo no puede hacerse responsable de: (a) la continuidad y disponibilidad de los contenidos y servicios recogidos en\u00a0<a href=\"https:\/\/pulse.eus\/\" target=\"_blank\" rel=\"noopener noreferrer\">pulse.eus<\/a>; (b) la ausencia de errores en dichos contenidos ni la correcci\u00f3n de cualquier defecto que pudiera ocurrir; (c) la ausencia de virus y\/o dem\u00e1s componentes da\u00f1inos en\u00a0<a href=\"https:\/\/pulse.eus\/\" target=\"_blank\" rel=\"noopener noreferrer\">pulse.eus<\/a>; (d) la inexpugnabilidad de las medidas de seguridad que se han adoptado; (e) los da\u00f1os o perjuicios que cause cualquier persona que vulnere los sistemas de seguridad de\u00a0<a href=\"https:\/\/pulse.eus\/\" target=\"_blank\" rel=\"noopener noreferrer\">pulse.eus<\/a>.<\/li>\n<li>El Usuario ser\u00e1 el \u00fanico responsable ante terceros, de cualquier comunicaci\u00f3n enviada personalmente o a su nombre a\u00a0<a href=\"https:\/\/pulse.eus\/\" target=\"_blank\" rel=\"noopener noreferrer\">pulse.eus<\/a>, as\u00ed como del uso ileg\u00edtimo de los contenidos y servicios contenidos en esta web.<\/li>\n<li>PULSE by Neurotika &amp; Soinueder se reserva el derecho a suspender temporalmente y sin previo aviso, la accesibilidad a\u00a0<a href=\"https:\/\/pulse.eus\/\" target=\"_blank\" rel=\"noopener noreferrer\">pulse.eus<\/a>\u00a0con motivo de operaciones de mantenimiento, reparaci\u00f3n, actualizaci\u00f3n o mejora. Siempre que las circunstancias lo permitan PULSE by Neurotika &amp; Soinueder publicar\u00e1 en su web, con antelaci\u00f3n suficiente, un aviso indicando la fecha prevista para la suspensi\u00f3n de los servicios.<\/li>\n<li>Los enlaces a otras p\u00e1ginas web que en su caso existan en\u00a0<a href=\"https:\/\/pulse.eus\/\" target=\"_blank\" rel=\"noopener noreferrer\">pulse.eus<\/a>\u00a0pueden llevarle a sitios web de los que PULSE by Neurotika &amp; Soinueder no asume ninguna responsabilidad, ya que no tiene ning\u00fan tipo de control sobre los mismos, siendo su finalidad, informar al Usuario de otras fuentes de informaci\u00f3n, por lo que el Usuario accede bajo su exclusiva responsabilidad al contenido y en las condiciones de uso que rijan en los mismos.<\/li>\n<li>PULSE by Neurotika &amp; Soinueder no se responsabiliza del uso que los Usuarios puedan hacer de los contenidos y servicios incluidos en su web. En consecuencia no garantiza que el uso que los Usuarios puedan hacer de los contenidos y servicios referidos, se ajusten a las presentes condiciones generales de uso, ni que lo hagan de forma diligente.<\/li>\n<\/ol>\n<h2>6. Duraci\u00f3n y modificaci\u00f3n<\/h2>\n<ol>\n<li>PULSE by Neurotika &amp; Soinueder se reserva el derecho a modificar, total o parcialmente, las presentes condiciones generales de acceso publicando los cambios en\u00a0<a href=\"https:\/\/pulse.eus\/\" target=\"_blank\" rel=\"noopener noreferrer\">pulse.eus<\/a>. Asimismo podr\u00e1 efectuar sin previo aviso las modificaciones que considere oportunas en el sitio web, pudiendo cambiar, suprimir o a\u00f1adir tanto los contenidos y servicios que presta, como la forma en la que \u00e9stos aparezcan presentados o localizados. En consecuencia se entender\u00e1n como vigentes, las condiciones generales que est\u00e9n publicadas en el momento en el que el Usuario acceda a\u00a0<a href=\"https:\/\/pulse.eus\/\" target=\"_blank\" rel=\"noopener noreferrer\">pulse.eus<\/a>\u00a0por lo que el Usuario deber\u00e1 leer peri\u00f3dicamente dichas condiciones de uso.<\/li>\n<li>Con independencia de lo dispuesto en las condiciones particulares, PULSE by Neurotika &amp; Soinueder podr\u00e1 dar por terminado, suspender o interrumpir, en cualquier momento sin necesidad de preaviso, el acceso a los contenidos de la p\u00e1gina, sin posibilidad por parte del Usuario de exigir indemnizaci\u00f3n alguna.<\/li>\n<\/ol>\n<h2>7. Legislaci\u00f3n aplicable y competencia jurisdiccional<\/h2>\n<p>Las relaciones establecidas entre PULSE by Neurotika &amp; Soinueder y el Usuario se regir\u00e1n por lo dispuesto en la normativa vigente acerca de la legislaci\u00f3n aplicable y la jurisdicci\u00f3n competente. No obstante, para los casos en los que la normativa prevea la posibilidad a las partes de someterse a un fuero, PULSE by Neurotika &amp; Soinueder y el Usuario, con renuncia expresa a cualquier otro fuero que pudiera corresponderles, se someten a los Juzgados y Tribunales de la ciudad de Donostia.[\/et_pb_text][\/et_pb_column][\/et_pb_row][\/et_pb_section]<\/p>\n","protected":false},"excerpt":{"rendered":"<p>Aviso legal 1. Identidad del titular de la presente web En cumplimiento de la Ley 34\/2002, de 11 de julio, de Servicios de la Sociedad de la Informaci\u00f3n y de Comercio Electr\u00f3nico, le informamos que el titular de\u00a0pulse.eus\u00a0es: Raz\u00f3n social: PULSE by Neurotika &amp; Soinueder C.I.F. n\u00ba: B05366729 Direcci\u00f3n: Avenida Ama Kandida N\u00ba21, Poligono Denak [&hellip;]<\/p>\n","protected":false},"author":1,"featured_media":0,"parent":0,"menu_order":20,"comment_status":"closed","ping_status":"closed","template":"","meta":{"_et_pb_use_builder":"on","_et_pb_old_content":"","_et_gb_content_width":"","inline_featured_image":false,"footnotes":""},"class_list":["post-295","page","type-page","status-publish","hentry"],"yoast_head":"<!-- This site is optimized with the Yoast SEO plugin v25.6 - https:\/\/yoast.com\/wordpress\/plugins\/seo\/ -->\n<title>Aviso Legal - PULSE by Neurotika &amp; Soinueder<\/title>\n<meta name=\"robots\" content=\"index, follow, max-snippet:-1, max-image-preview:large, max-video-preview:-1\" \/>\n<link rel=\"canonical\" href=\"https:\/\/pulse.eus\/es\/aviso-legal\/\" \/>\n<meta property=\"og:locale\" content=\"es_ES\" \/>\n<meta property=\"og:type\" content=\"article\" \/>\n<meta property=\"og:title\" content=\"Aviso Legal - PULSE by Neurotika &amp; Soinueder\" \/>\n<meta property=\"og:description\" content=\"Aviso legal 1. Identidad del titular de la presente web En cumplimiento de la Ley 34\/2002, de 11 de julio, de Servicios de la Sociedad de la Informaci\u00f3n y de Comercio Electr\u00f3nico, le informamos que el titular de\u00a0pulse.eus\u00a0es: Raz\u00f3n social: PULSE by Neurotika &amp; Soinueder C.I.F. n\u00ba: B05366729 Direcci\u00f3n: Avenida Ama Kandida N\u00ba21, Poligono Denak [&hellip;]\" \/>\n<meta property=\"og:url\" content=\"https:\/\/pulse.eus\/es\/aviso-legal\/\" \/>\n<meta property=\"og:site_name\" content=\"PULSE by Neurotika &amp; Soinueder\" \/>\n<meta property=\"article:publisher\" content=\"https:\/\/www.facebook.com\/Pulse-by-NeurotikaSoinueder-103633415209393\/\" \/>\n<meta property=\"article:modified_time\" content=\"2022-06-30T08:16:31+00:00\" \/>\n<meta name=\"twitter:card\" content=\"summary_large_image\" \/>\n<meta name=\"twitter:label1\" content=\"Tiempo de lectura\" \/>\n\t<meta name=\"twitter:data1\" content=\"12 minutos\" \/>\n<script type=\"application\/ld+json\" class=\"yoast-schema-graph\">{\"@context\":\"https:\/\/schema.org\",\"@graph\":[{\"@type\":\"WebPage\",\"@id\":\"https:\/\/pulse.eus\/es\/aviso-legal\/\",\"url\":\"https:\/\/pulse.eus\/es\/aviso-legal\/\",\"name\":\"Aviso Legal - PULSE by Neurotika &amp; Soinueder\",\"isPartOf\":{\"@id\":\"https:\/\/pulse.eus\/es\/#website\"},\"datePublished\":\"2021-08-10T02:58:01+00:00\",\"dateModified\":\"2022-06-30T08:16:31+00:00\",\"breadcrumb\":{\"@id\":\"https:\/\/pulse.eus\/es\/aviso-legal\/#breadcrumb\"},\"inLanguage\":\"es\",\"potentialAction\":[{\"@type\":\"ReadAction\",\"target\":[\"https:\/\/pulse.eus\/es\/aviso-legal\/\"]}]},{\"@type\":\"BreadcrumbList\",\"@id\":\"https:\/\/pulse.eus\/es\/aviso-legal\/#breadcrumb\",\"itemListElement\":[{\"@type\":\"ListItem\",\"position\":1,\"name\":\"Home\",\"item\":\"https:\/\/pulse.eus\/es\/\"},{\"@type\":\"ListItem\",\"position\":2,\"name\":\"Aviso Legal\"}]},{\"@type\":\"WebSite\",\"@id\":\"https:\/\/pulse.eus\/es\/#website\",\"url\":\"https:\/\/pulse.eus\/es\/\",\"name\":\"PULSE by Neurotika &amp; Soinueder\",\"description\":\"Expertos en sonido e iluminaci\u00f3n\",\"publisher\":{\"@id\":\"https:\/\/pulse.eus\/es\/#organization\"},\"potentialAction\":[{\"@type\":\"SearchAction\",\"target\":{\"@type\":\"EntryPoint\",\"urlTemplate\":\"https:\/\/pulse.eus\/es\/?s={search_term_string}\"},\"query-input\":{\"@type\":\"PropertyValueSpecification\",\"valueRequired\":true,\"valueName\":\"search_term_string\"}}],\"inLanguage\":\"es\"},{\"@type\":\"Organization\",\"@id\":\"https:\/\/pulse.eus\/es\/#organization\",\"name\":\"PULSE by Neurotika & Soinueder\",\"url\":\"https:\/\/pulse.eus\/es\/\",\"logo\":{\"@type\":\"ImageObject\",\"inLanguage\":\"es\",\"@id\":\"https:\/\/pulse.eus\/es\/#\/schema\/logo\/image\/\",\"url\":\"https:\/\/pulse.eus\/wp-content\/uploads\/2021\/06\/pulse.svg\",\"contentUrl\":\"https:\/\/pulse.eus\/wp-content\/uploads\/2021\/06\/pulse.svg\",\"width\":412,\"height\":104,\"caption\":\"PULSE by Neurotika & Soinueder\"},\"image\":{\"@id\":\"https:\/\/pulse.eus\/es\/#\/schema\/logo\/image\/\"},\"sameAs\":[\"https:\/\/www.facebook.com\/Pulse-by-NeurotikaSoinueder-103633415209393\/\",\"https:\/\/www.instagram.com\/pulse.eus\/\"]}]}<\/script>\n<!-- \/ Yoast SEO plugin. -->","yoast_head_json":{"title":"Aviso Legal - PULSE by Neurotika &amp; Soinueder","robots":{"index":"index","follow":"follow","max-snippet":"max-snippet:-1","max-image-preview":"max-image-preview:large","max-video-preview":"max-video-preview:-1"},"canonical":"https:\/\/pulse.eus\/es\/aviso-legal\/","og_locale":"es_ES","og_type":"article","og_title":"Aviso Legal - PULSE by Neurotika &amp; Soinueder","og_description":"Aviso legal 1. Identidad del titular de la presente web En cumplimiento de la Ley 34\/2002, de 11 de julio, de Servicios de la Sociedad de la Informaci\u00f3n y de Comercio Electr\u00f3nico, le informamos que el titular de\u00a0pulse.eus\u00a0es: Raz\u00f3n social: PULSE by Neurotika &amp; Soinueder C.I.F. n\u00ba: B05366729 Direcci\u00f3n: Avenida Ama Kandida N\u00ba21, Poligono Denak [&hellip;]","og_url":"https:\/\/pulse.eus\/es\/aviso-legal\/","og_site_name":"PULSE by Neurotika &amp; Soinueder","article_publisher":"https:\/\/www.facebook.com\/Pulse-by-NeurotikaSoinueder-103633415209393\/","article_modified_time":"2022-06-30T08:16:31+00:00","twitter_card":"summary_large_image","twitter_misc":{"Tiempo de lectura":"12 minutos"},"schema":{"@context":"https:\/\/schema.org","@graph":[{"@type":"WebPage","@id":"https:\/\/pulse.eus\/es\/aviso-legal\/","url":"https:\/\/pulse.eus\/es\/aviso-legal\/","name":"Aviso Legal - PULSE by Neurotika &amp; Soinueder","isPartOf":{"@id":"https:\/\/pulse.eus\/es\/#website"},"datePublished":"2021-08-10T02:58:01+00:00","dateModified":"2022-06-30T08:16:31+00:00","breadcrumb":{"@id":"https:\/\/pulse.eus\/es\/aviso-legal\/#breadcrumb"},"inLanguage":"es","potentialAction":[{"@type":"ReadAction","target":["https:\/\/pulse.eus\/es\/aviso-legal\/"]}]},{"@type":"BreadcrumbList","@id":"https:\/\/pulse.eus\/es\/aviso-legal\/#breadcrumb","itemListElement":[{"@type":"ListItem","position":1,"name":"Home","item":"https:\/\/pulse.eus\/es\/"},{"@type":"ListItem","position":2,"name":"Aviso Legal"}]},{"@type":"WebSite","@id":"https:\/\/pulse.eus\/es\/#website","url":"https:\/\/pulse.eus\/es\/","name":"PULSE by Neurotika &amp; Soinueder","description":"Expertos en sonido e iluminaci\u00f3n","publisher":{"@id":"https:\/\/pulse.eus\/es\/#organization"},"potentialAction":[{"@type":"SearchAction","target":{"@type":"EntryPoint","urlTemplate":"https:\/\/pulse.eus\/es\/?s={search_term_string}"},"query-input":{"@type":"PropertyValueSpecification","valueRequired":true,"valueName":"search_term_string"}}],"inLanguage":"es"},{"@type":"Organization","@id":"https:\/\/pulse.eus\/es\/#organization","name":"PULSE by Neurotika & Soinueder","url":"https:\/\/pulse.eus\/es\/","logo":{"@type":"ImageObject","inLanguage":"es","@id":"https:\/\/pulse.eus\/es\/#\/schema\/logo\/image\/","url":"https:\/\/pulse.eus\/wp-content\/uploads\/2021\/06\/pulse.svg","contentUrl":"https:\/\/pulse.eus\/wp-content\/uploads\/2021\/06\/pulse.svg","width":412,"height":104,"caption":"PULSE by Neurotika & Soinueder"},"image":{"@id":"https:\/\/pulse.eus\/es\/#\/schema\/logo\/image\/"},"sameAs":["https:\/\/www.facebook.com\/Pulse-by-NeurotikaSoinueder-103633415209393\/","https:\/\/www.instagram.com\/pulse.eus\/"]}]}},"_links":{"self":[{"href":"https:\/\/pulse.eus\/es\/wp-json\/wp\/v2\/pages\/295","targetHints":{"allow":["GET"]}}],"collection":[{"href":"https:\/\/pulse.eus\/es\/wp-json\/wp\/v2\/pages"}],"about":[{"href":"https:\/\/pulse.eus\/es\/wp-json\/wp\/v2\/types\/page"}],"author":[{"embeddable":true,"href":"https:\/\/pulse.eus\/es\/wp-json\/wp\/v2\/users\/1"}],"replies":[{"embeddable":true,"href":"https:\/\/pulse.eus\/es\/wp-json\/wp\/v2\/comments?post=295"}],"version-history":[{"count":10,"href":"https:\/\/pulse.eus\/es\/wp-json\/wp\/v2\/pages\/295\/revisions"}],"predecessor-version":[{"id":614,"href":"https:\/\/pulse.eus\/es\/wp-json\/wp\/v2\/pages\/295\/revisions\/614"}],"wp:attachment":[{"href":"https:\/\/pulse.eus\/es\/wp-json\/wp\/v2\/media?parent=295"}],"curies":[{"name":"wp","href":"https:\/\/api.w.org\/{rel}","templated":true}]}}